{"id":106,"date":"2024-01-27T18:58:56","date_gmt":"2024-01-27T17:58:56","guid":{"rendered":"https:\/\/fleximan.eu\/?page_id=106"},"modified":"2024-01-27T18:58:58","modified_gmt":"2024-01-27T17:58:58","slug":"termini-di-utilizzo","status":"publish","type":"page","link":"https:\/\/fleximan.eu\/index.php\/termini-di-utilizzo\/","title":{"rendered":"Termini di Utilizzo"},"content":{"rendered":"\n<p>Questo sito Web \u00e8 amministrato dalla<\/p>\n\n\n\n<p>BCEE S.r.l.<br>in persona del suo L.R. p.t. con sede legale in<br>Strada di Cardeto 57, 05100 Terni (TR) Italia<br>P.IVA IT02762930424<\/p>\n\n\n\n<p>di seguito denominata BCEE S.R.L..<\/p>\n\n\n\n<p>Ci occupiamo del funzionamento di diversi siti Web, a noi riconducibili, aventi come caratteristica la presentazione e vendita dei ns. prodotti.<\/p>\n\n\n\n<p>I presenti Termini di Utilizzo espongono la modalit\u00e0 d\u2019uso dei nostri siti Web, sebbene non saranno disponibili tutte le caratteristiche su tutti i siti Web.<\/p>\n\n\n\n<p>I nostri siti possono essere disponibili solo in determinati paesi e in determinate lingue. Utilizzando questo sito l\u2019utente si impegna a rispettarne i termini di utilizzo. Ci riserviamo il diritto di modificare i presenti Termini di Utilizzo nel caso in cui lo ritenessimo necessario; pertanto, consigliamo di controllare periodicamente questa pagina, per verificare se sono state apportate modifiche.<\/p>\n\n\n\n<p>Nel caso in cui l\u2019utente utilizzi un servizio e\/o acquisisca un prodotto, mediante i nostri siti Web o in caso di particolari caratteristiche o promozioni, verranno applicati termini aggiuntivi previsti in questi casi e presenti nei vari moduli \u201cCondizioni Generali di Vendita\u201d.<\/p>\n\n\n\n<p><strong>Bambini e Minorenni<\/strong><\/p>\n\n\n\n<p>Alcuni dei contenuti disponibili sui nostri siti Web potrebbero non essere adeguati per bambini al di sotto di una certa et\u00e0. In alcuni casi, verranno visualizzate delle valutazioni per indicare l\u2019idoneit\u00e0 del contenuto, o l\u2019accesso ad alcune sezioni del sito potrebbe essere limitato solo ad alcune fasce d\u2019et\u00e0. I genitori e i tutori dei minorenni devono controllare l\u2019accesso dei bambini ai nostri siti Web, e in particolare l\u2019uso di qualsiasi area comune.<\/p>\n\n\n\n<p><strong>Diritti di propriet\u00e0 intellettuale<\/strong><\/p>\n\n\n\n<p>Tutti i diritti di propriet\u00e0 intellettuale nelle informazioni e nei contenuti disponibili sui nostri siti sono propriet\u00e0 della BCEE S.R.L.&nbsp;o dei suoi concessionari di licenza. La maggior parte dei contenuti del sito \u00e8 protetta da copyright, marchio di fabbrica e altre leggi.<\/p>\n\n\n\n<p>Salvo indicazione contraria, i contenuti possono essere copiati solo per uso personale.<\/p>\n\n\n\n<p>\u00c8 vietato modificare, eseguire, pubblicare o trasferire ad altri il contenuto del sito, nonch\u00e9 utilizzarlo a scopo commerciale. Fatta eccezione per il limite consentito dalla legge applicabile, non sono consentite altre operazioni destinate a smontare, decompilare, utilizzare tecniche di decodifica (reverse engineer), infrangere o cercare di infrangere codici di protezione di qualsiasi contenuto.<\/p>\n\n\n\n<p><strong>Visibilit\u00e0 e Risorse<\/strong><\/p>\n\n\n\n<p>I nostri siti vengono forniti \u201ccos\u00ec come sono\u201d. In alcune occasioni, i siti potrebbero non essere disponibili, a causa di alcuni errori o perch\u00e9 sottoposti a manutenzione, o per motivi al di fuori del nostro controllo. Non forniamo alcuna garanzia in quanto a qualit\u00e0, funzionalit\u00e0, disponibilit\u00e0 o rendimento dei siti, n\u00e9 per qualsiasi contenuto presente sui siti stessi.<\/p>\n\n\n\n<p>Ci riserviamo il diritto di modificare, sospendere o eliminare il contenuto dei nostri siti, di sospendere l\u2019iscrizione o l\u2019accesso dell\u2019utente ai nostri siti, o di interrompere qualsiasi sito o funzione in qualsiasi momento senza previo avviso. L\u2019utente \u00e8 responsabile di tutti i dati forniti e richiesti dal proprio ISP e degli altri importi in relazione all\u2019uso dei nostri siti.<\/p>\n\n\n\n<p>\u00c8 vietato danneggiare, interferire o interrompere l\u2019accesso ai nostri siti o ai contenuti degli stessi, o svolgere azioni che potrebbero deteriorare la funzionalit\u00e0 o interferire con l\u2019accesso di altre persone ai siti o ai contenuti degli stessi.<\/p>\n\n\n\n<p>\u00c8 vietato utilizzare i siti o i contenuti degli stessi in modo illegale o dannoso per BCEE S.R.L., e le societ\u00e0 ad essa collegate o qualsiasi altro individuo.<\/p>\n\n\n\n<p>E\u2019 vietato estrapolare dati, informazioni, documenti e quant\u2019altro presente nei ns. siti, e farne un uso improprio con finalit\u00e0 illecite e diverse dalle loro naturali impieghi. Qualsiasi vizio e\/o fraudolenza per l\u2019utilizzo di marchi, documenti, contenuti verr\u00e0 perseguita nei termini di Legge e nelle sedi che riterremo pi\u00f9 opportune, nessuna esclusa.<\/p>\n\n\n\n<p><strong>Dati, Info, Forum FAQ e Dati Pubblicitari<\/strong><\/p>\n\n\n\n<p>L\u2019utente \u00e8 completamente responsabile per qualsiasi testo, video, audio, immagine, fotografia o qualsiasi altro tipo di materiale o contenuto pubblicato dall\u2019utente stesso sui nostri siti.<\/p>\n\n\n\n<p>Si prega di utilizzare qualsiasi strumento disponibile per i forum e qualsiasi altra pubblicazione, con responsabilit\u00e0. In particolare, si prega di non pubblicare contenuti che infrangano la legge o i diritti di terzi, o che includano attivit\u00e0 o dichiarazioni discriminatorie, offensive, oscene o diffamatorie o che possano risultare offensive per altre persone relativamente a nazionalit\u00e0, etnia, genere, sesso, religione, fede o invalidit\u00e0.<\/p>\n\n\n\n<p>Non utilizzare le aree del forum per scopi commerciali. L\u2019utente ci concede un diritto illimitato, universale, non esclusivo, libero da diritti d\u2019autore e completamente trasferibile per utilizzare, copiare, modificare, pubblicare e visualizzare qualsiasi contenuto pubblicato o caricato dall\u2019utente stesso sui nostri siti, e di includerlo in altri lavori.<\/p>\n\n\n\n<p>L\u2019utente rinuncia a qualsiasi diritto morale che possa avere su questo contenuto. Non monitoriamo tutti i contenuti creati dagli utenti sui nostri siti, e non siamo obbligati a farlo. Tuttavia, ci riserviamo il diritto di monitorare tali contenuti e di modificarli, cancellarli o rimuoverli senza previo avviso nel caso in cui, a nostra discrezione, risultino fuori luogo.<\/p>\n\n\n\n<p>Le opinioni espresse nelle aree del forum e delle FAQ sono quelle dei membri del pubblico e non sono quelle di Salagean, delle aziende associate, dei concessori di licenza o dei nostri partner.<\/p>\n\n\n\n<p>Se l\u2019utente ritiene che un contenuto stia violando i presenti Termini di Utilizzo, \u00e8 pregato di informarci informare scrivendo a <a href=\"mailto:info@bcee.it\">info@bcee.it<\/a>, o di utilizzare il pulsante di Avviso (se disponibile), indicando il tipo di violazione, il nome utente della persona responsabile e la sezione del sito in cui si \u00e8 verificata la violazione ed il numero dell\u2019ID se visibile.<\/p>\n\n\n\n<p><strong>Esclusione delle responsabilit\u00e0<\/strong><\/p>\n\n\n\n<p>BCEE S.R.L. non garantisce l\u2019accuratezza, l\u2019affidabilit\u00e0 o la completezza di alcuna informazione contenuta nei nostri siti.<\/p>\n\n\n\n<p>Nei limiti massimi consentiti dalla legge, Salagean, le aziende collegate non sono responsabili per eventuali perdite o danni arrecati agli utenti o a terzi, diretti o indiretti, incidentali o consequenziali e riscontrati durante l\u2019accesso, l\u2019utilizzo o l\u2019impossibilit\u00e0 di utilizzo del sito BCEE S.R.L., includendo la perdita di dati causata dal download di contenuti dai nostri siti.<\/p>\n\n\n\n<p>I diritti dell\u2019utente, in qualit\u00e0 di consumatore, non sono soggetti ai presenti Termini di Utilizzo.<\/p>\n\n\n\n<p>Se alcuni di questi Termini di Utilizzo dovessero risultare illegali, non validi o non applicabili, le rimanenti condizioni rimangono comunque in vigore.<\/p>\n\n\n\n<p><strong>Link di collegamento<\/strong><\/p>\n\n\n\n<p>I siti collegati ai nostri siti vengono da noi approvati o verificati. L\u2019uso da parte dell\u2019utente di tali siti \u00e8 soggetto ai termini e alle condizioni contenuti nei siti stessi.<\/p>\n\n\n\n<p><strong>Legale e Foro Competente<\/strong><\/p>\n\n\n\n<p>I presenti Termini di Utilizzo sono soggetti alla Legge Italiana in applicazione ai regolamenti previsti in materia di trasparenza e codici deontologici e navigazione Internet.<\/p>\n\n\n\n<p>Per qualsiasi attivit\u00e0 legale che dovesse sorgere il Foro Competente \u00e8 quello di Terni.<\/p>\n","protected":false},"excerpt":{"rendered":"<p>Questo sito Web \u00e8 amministrato dalla BCEE S.r.l.in persona del suo L.R. p.t. con sede legale inStrada di Cardeto 57, 05100 Terni (TR) ItaliaP.IVA IT02762930424 di seguito denominata BCEE S.R.L.. Ci occupiamo del funzionamento di diversi siti Web, a noi riconducibili, aventi come caratteristica la presentazione e vendita dei ns. prodotti. I presenti Termini di [&hellip;]<\/p>\n","protected":false},"author":1,"featured_media":0,"parent":0,"menu_order":0,"comment_status":"closed","ping_status":"closed","template":"","meta":{"footnotes":"","_joinchat":[]},"jetpack_sharing_enabled":true,"_links":{"self":[{"href":"https:\/\/fleximan.eu\/index.php\/wp-json\/wp\/v2\/pages\/106"}],"collection":[{"href":"https:\/\/fleximan.eu\/index.php\/wp-json\/wp\/v2\/pages"}],"about":[{"href":"https:\/\/fleximan.eu\/index.php\/wp-json\/wp\/v2\/types\/page"}],"author":[{"embeddable":true,"href":"https:\/\/fleximan.eu\/index.php\/wp-json\/wp\/v2\/users\/1"}],"replies":[{"embeddable":true,"href":"https:\/\/fleximan.eu\/index.php\/wp-json\/wp\/v2\/comments?post=106"}],"version-history":[{"count":1,"href":"https:\/\/fleximan.eu\/index.php\/wp-json\/wp\/v2\/pages\/106\/revisions"}],"predecessor-version":[{"id":107,"href":"https:\/\/fleximan.eu\/index.php\/wp-json\/wp\/v2\/pages\/106\/revisions\/107"}],"wp:attachment":[{"href":"https:\/\/fleximan.eu\/index.php\/wp-json\/wp\/v2\/media?parent=106"}],"curies":[{"name":"wp","href":"https:\/\/api.w.org\/{rel}","templated":true}]}}